 
{"id":2457,"date":"2024-11-05T08:38:53","date_gmt":"2024-11-05T08:38:53","guid":{"rendered":"https:\/\/evmymm.com\/?page_id=2457"},"modified":"2024-11-07T09:39:29","modified_gmt":"2024-11-07T09:39:29","slug":"muhasebe-ve-raporlama-hizmetleri","status":"publish","type":"page","link":"https:\/\/evmymm.com\/?page_id=2457","title":{"rendered":"Muhasebe ve Raporlama Hizmetleri"},"content":{"rendered":"<h2 class=\"service-content-title\">Muhasebe Sistemleri Dan\u0131\u015fmanl\u0131\u011f\u0131<\/h2>\n<div class=\"service-content-body\">\n<p>Muhasebe sistemini \u015firket b\u00fcnyesinde kurmak isteyen m\u00fc\u015fterilerimize, bu sisteminin kurulmas\u0131, \u015firket b\u00fcnyesinde hali haz\u0131rda kurulu muhasebe sistemi olan m\u00fc\u015fterilerimize sistemin etkin ve verimli \u00e7al\u0131\u015fmas\u0131 konular\u0131nda dan\u0131\u015fmanl\u0131k hizmetleri vermekteyiz.<\/p>\n<h2 class=\"service-content-title\">Enflasyon D\u00fczeltmeleri Dan\u0131\u015fmanl\u0131\u011f\u0131<\/h2>\n<div class=\"service-content-body\">\n<p>Y\u00fcksek enflasyon d\u00f6neminde mali tablolar\u0131n\u0131n VUK ve IFRS kapsam\u0131nda yeniden d\u00fczenlemeleri s\u00fcrecinde m\u00fc\u015fterilerimize destek hizmetleri vermekteyiz. Bu kapsamda hesaplamalar\u0131n yap\u0131lmas\u0131 ve kontrol\u00fcnde destek sa\u011flamaktay\u0131z.<\/p>\n<\/div>\n<\/div>\n","protected":false},"excerpt":{"rendered":"<p>Muhasebe Sistemleri Dan\u0131\u015fmanl\u0131\u011f\u0131 Muhasebe sistemini \u015firket b\u00fcnyesinde kurmak isteyen m\u00fc\u015fterilerimize, bu sisteminin kurulmas\u0131, \u015firket b\u00fcnyesinde hali haz\u0131rda kurulu muhasebe sistemi olan m\u00fc\u015fterilerimize sistemin etkin ve verimli \u00e7al\u0131\u015fmas\u0131 konular\u0131nda dan\u0131\u015fmanl\u0131k hizmetleri vermekteyiz. Enflasyon D\u00fczeltmeleri Dan\u0131\u015fmanl\u0131\u011f\u0131 Y\u00fcksek enflasyon d\u00f6neminde mali tablolar\u0131n\u0131n VUK ve IFRS kapsam\u0131nda yeniden d\u00fczenlemeleri s\u00fcrecinde m\u00fc\u015fterilerimize destek hizmetleri vermekteyiz. Bu kapsamda hesaplamalar\u0131n yap\u0131lmas\u0131 ve<\/p>\n<div class=\"more-link\">\n             <a href=\"https:\/\/evmymm.com\/?page_id=2457\" class=\"link-btn\"><span>Continue Reading <\/span><i class=\"icofont-thin-double-right\"><\/i><\/a>\n        <\/div>\n","protected":false},"author":3,"featured_media":0,"parent":0,"menu_order":0,"comment_status":"closed","ping_status":"closed","template":"","meta":{"footnotes":""},"class_list":["post-2457","page","type-page","status-publish","hentry"],"_links":{"self":[{"href":"https:\/\/evmymm.com\/index.php?rest_route=\/wp\/v2\/pages\/2457","targetHints":{"allow":["GET"]}}],"collection":[{"href":"https:\/\/evmymm.com\/index.php?rest_route=\/wp\/v2\/pages"}],"about":[{"href":"https:\/\/evmymm.com\/index.php?rest_route=\/wp\/v2\/types\/page"}],"author":[{"embeddable":true,"href":"https:\/\/evmymm.com\/index.php?rest_route=\/wp\/v2\/users\/3"}],"replies":[{"embeddable":true,"href":"https:\/\/evmymm.com\/index.php?rest_route=%2Fwp%2Fv2%2Fcomments&post=2457"}],"version-history":[{"count":3,"href":"https:\/\/evmymm.com\/index.php?rest_route=\/wp\/v2\/pages\/2457\/revisions"}],"predecessor-version":[{"id":2478,"href":"https:\/\/evmymm.com\/index.php?rest_route=\/wp\/v2\/pages\/2457\/revisions\/2478"}],"wp:attachment":[{"href":"https:\/\/evmymm.com\/index.php?rest_route=%2Fwp%2Fv2%2Fmedia&parent=2457"}],"curies":[{"name":"wp","href":"https:\/\/api.w.org\/{rel}","templated":true}]}}